{"id":2972,"date":"2025-05-03T14:14:00","date_gmt":"2025-05-03T13:14:00","guid":{"rendered":"https:\/\/www.skiteam-bellersheim.de\/?page_id=2972"},"modified":"2025-08-11T14:37:06","modified_gmt":"2025-08-11T13:37:06","slug":"2025-2","status":"publish","type":"page","link":"https:\/\/www.skiteam-bellersheim.de\/?page_id=2972","title":{"rendered":"2025"},"content":{"rendered":"\n<p><strong>Schnee in den Bergen, Sonne im Tal\u2026<\/strong><br>\u2026besser kann man die Familienfreizeit 2025 im Ahrntal nicht zusammenfassen, als mit der allseits bekannten Hymne. T\u00e4glich wartete Kaiserwetter \u2013 kaum Wolken verirrten sich \u00fcber den Berge. Die Talabfahrt sah so gut aus, wie schon lang nicht mehr am Anreisetag!<\/p>\n\n\n\n<p>Das unfreiwillige Motto dieser Fahrt \u2013 ES IST ALLES ANDERS! Die hessischen Ferien machten bei der Tourplanung dahingehend einen Strich durch die Rechnung, als dass wir nicht \u00fcber Ostern fahren konnten. Und krankheitsbedingt konnte unser Topreiseleiter Matthias in diesem Jahr leider nicht dabei sein. Er hatte allerdings mit seinem Orgapartner Leo, der die Arbeit im Vordergrund \u00fcbernahm und Lena, die sich um die Logistik im Hintergrund k\u00fcmmerte, der Rest der Familie Kopf, sowie dem Vorstand des Skiteams viele, die sich f\u00fcr das Gelingen der Freizeit einsetzten. Und wie sollte es anders sein \u2013 Matthias w\u00e4re nicht Matthias \u2013 wenn er nicht auch aus der Reha mitwirkte \ud83d\ude09.<\/p>\n\n\n\n<p>So begann am 06. April die Anreise ins Ahrntal \u2013 ein Bus und viele PKW-Fahrer traten die Reise \u00fcber den Brenner an, ein Angstgegner in diesem Jahr, da durch die Br\u00fcckensanierung und einspurige Verkehrsf\u00fchrung Stau drohte. Aber auch die allseits beliebte Anreise \u00fcber den Fernpass und den Grenztunnel F\u00fcssen wartete mit Stau und Holzlastern auf, um die Nerven der Autofahrer zu testen.<br>Die ersten Ank\u00f6mmlinge trafen sich schon gegen Mittag an der Talstation Klausberg, um sich Material auszuleihen \u2013 ein Skidepot zu sichern und mit dem Ausladen der vielen Ausr\u00fcstungsgegenst\u00e4nde anzufangen. Um die Zeit bis zum Einchecken zu verk\u00fcrzen wurde sowohl Avant-Ski \u2013 statt Apr\u00e9s Ski getestet oder die Umgebung bei herrlicher Fr\u00fchlingsbrise erkundet.<\/p>\n\n\n\n<p>Am Nachmittag begann das fr\u00f6hliche Wiedersehen im Hotel. Nach dem Schleppen der Koffer aufs Zimmer, dem Verteilen der Ski und Skischuhe in den Skikeller, gab es erste Willkommensgetr\u00e4nke in der Bar \u2013 bevor es galt die gr\u00f6\u00dfte Frage des Tages zu kl\u00e4ren: Wie kommt jeder zu \u201eseinem\u201c Tisch. So kam es, dass schon eine gef\u00fchlte Ewigkeit vor \u00d6ffnung des Restaurants um 19 Uhr eine riesige Traube sich versammelt hatte, um die \u201ebesten\u201c Pl\u00e4tze zu ergattern. P\u00fcnktlich begann der gro\u00dfe Ansturm \u2013 und ich will nix vorwegnehmen, aber: wirklich jeder hat einen Sitzplatz gefunden \ud83d\ude0a Auch die Ausw\u00e4rtsschl\u00e4fer\u2026 diese verteilten sich dieses Mal in knapper Distanz zum Steinpent \u2013 im Oberhollenzer, Primisser, Baumannhof und Innerhofer.<br>Es herrschte etwas Bahnhofsatmosph\u00e4re, weil sich alle so viel zu erz\u00e4hlen hatten, als Leo die Reiseleiterantrittsrede mit einem Gl\u00e4serklingeln einl\u00e4utetet. Sichtlich ergriffen berichtete er, dass Matthias in diesem Jahr nicht mit von der Partie ist. Nachdem allerlei Ank\u00fcndigungen f\u00fcr die n\u00e4chsten Tage gemacht wurden, folgte \u201etraditionsgem\u00e4\u00df\u201c ein kleines Dankesch\u00f6n der Teilnehmer an die Organisatoren. Leo wurde mit einem Gutschein f\u00fcr Lauras Kitchen bedacht, Lena mit einer Alpakawanderung. Sie machte noch einmal deutlich, dass im Hintergrund sehr viele am Gelingen der Freizeit mitwirken, allen voran eben auch Matt-Ski-Ass (so letztes Jahr auf der Autogrammkarte getauft). Und nat\u00fcrlich haben wir auch an ihn gedacht! Da seine Sondereditionstrainingsjacke leider kaputt ist, sorgen die Teilnehmer der Familienfreizeit f\u00fcr Ersatz. Vielleich k\u00f6nnen wir diese ja im kommenden Jahr alle signieren?! An dieser Stelle m\u00f6chten wir uns bei allen bedanken, die sich wieder an unsere Dankesch\u00f6naktion beteiligt haben! Gem\u00fctlich endete der Anreisetag in der Bar mit der Ausgabe der Skip\u00e4sse und der neuen Vereinsshirts f\u00fcr jeden in gr\u00fcn, f\u00fcr Damen sogar mit V-Ausschnitt.<\/p>\n\n\n\n<p>Der Sonntag startete wie der Rest der Woche \u2013 sonnig und versprach einen tollen Skitag. Der meistfrequentierte Skibus fuhr um 08:22 Uhr an altbew\u00e4hrter Stelle unterhalb der Kirche zur Talstation. Dieses Jahr gab es auch die M\u00f6glichkeit mit dem Skipass den Speikboden zu nutzen, der ebenfalls noch super Schneeverh\u00e4ltnisse versprach. Am Montag begannen die Skikurse, die ebenfalls wieder gut frequentiert waren. Auch wurde rege Gebrauch gemacht von der M\u00f6glichkeit, die skiteameigenen Skilehrer um Rat zu fragen oder um Unterweisung zu bitten.<br>Mittags trafen sich die Skifahrer mit den Wanderern, Sonnenanbetern, Equipmentbef\u00f6rderern, Begleitern oder H\u00fcttenbegeisterten haupts\u00e4chlich an der ersten Anlaufadresse an der Bergstation \u2013 in der Kristallalm auf k\u00fchle Getr\u00e4nke oder warme St\u00e4rkung. Nach Ende des Skitages traf man sich meist im Skihauspub an der Talabfahrt und kostete nicht nur jeden Sonnenstrahl hungrig aus, sondern auch s\u00e4mtliches aus dem Getr\u00e4nkeangebot. Zu sp\u00e4t f\u00fcr den letzten Bus??? Keine Angst, Susanne hielt bisher noch jeden Bus auf oder der Rest verlie\u00df sich aufs Taxi, welches ab und an auch direkt aus dem Steinpent kam.<\/p>\n\n\n\n<p>Am Montagabend wartete nach dem Essen bereits das erste Highlight im Tal. Eine gro\u00dfe Gruppe traf sich zur Nachtwanderung. Zun\u00e4chst ging es talabw\u00e4rts zur Kirche St. Martin und dann \u00fcber die Staatsstra\u00dfe an der Ahr entlang Richtung Talschluss. Der Mond bot gen\u00fcgend Licht, sodass auf Taschenlampen verzichtet werden konnte. Wer sich nach dem leckeren, mehrg\u00e4ngigen Abendessen zu satt gef\u00fchlt hatte, der konnte am anschlie\u00dfenden Anstieg Kalorien verbrennen. \u00dcber einen steinigen Weg gelangte die Wandergruppe zur\u00fcck in den Ort knapp unterhalb der Skibushaltestelle in bekanntes Terrain. Zum Abschluss traf man sich wieder am Lagerfeuer vor der Hotelbar. Highlight f\u00fcr die Kinder war das Wunschritual mit dem \u201eZaubermehl\u201c. Viele H\u00e4nde warfen gleichzeitig das Zaubermehl mit ihren W\u00fcnschen ins Feuer und auch bei dieser Gelegenheit haben wir Matthias die besten W\u00fcnsche zukommen lassen!<\/p>\n\n\n\n<p>Nach einem erneut grandiosen Skitag am Dienstag, stand am Abend die Fahrt ins Skihaus-Sporting zum Fu\u00dfball schauen oder Apr\u00e8s-Ski an. Der Fu\u00dfballabend endete zwar nicht wie erhofft, die Stimmung einen Raum weiter war aber grandios. Bei dieser Gelegenheit entstanden auch die ersten Videos f\u00fcr unsere \u00dcberraschung f\u00fcr Matthias und somit auch f\u00fcr unseren Abschlussabend. Au\u00dferdem konnte die Frage gekl\u00e4rt werden, die schon Tage zuvor aufkam. Nach dem F\u00e4llen der Fichte im Vorgarten des Steinpents waren unz\u00e4hlige Teilnehmer damit besch\u00e4ftigt herauszufinden, wie alt der Baum gewesen ist.<\/p>\n\n\n\n<p>Am Mittwochmorgen gab es wieder 2 Geburtstagskinder zu feiern und im Anschluss startete der Gro\u00dfteil auf die Pisten, die wirklich f\u00fcr Mitte April nochmal Ski-und Snowboardfahrerherzen h\u00f6herschlagen lassen. Ansonsten wurde im Tal gewandert, geshoppt oder Brixen unsicher gemacht. Eine zehnk\u00f6pfige Truppe begab sich am fr\u00fchen Nachmittag mit Oswald und seinem Pferd \u201ekleiner Donner\u201c auf Kutschfahrt durchs Dorf. Leider musste der Besuch beim Schnitzer mangels Teilnehmer abgesagt werden. Vielleicht klappt es n\u00e4chstes Jahr ggf. zu einer anderen Uhrzeit?<br>Der vorletzte Skitag versprach dank des leckeren Kuchenbuffets am Nachmittag ebenfalls brillant zu werden. Es war \u00fcbrigens der einzige Tag, der mit einigen Wolken startete \u2013 diese verzogen sich aber noch vor dem Mittag. Die letzten Skitage in den Knochen empfand man diesen Tag mitunter als etwas schwerf\u00e4llig, aber Hartgesottene fuhren auch an diesem Tag von Gondelstart bis \u00fcber das Betriebsende der Gondeln hinaus Snowboard oder Ski.<\/p>\n\n\n\n<p>Und der Donnerstag ist klassisch der Tag unseres Abschlussabends \u2013 alle trafen sich daf\u00fcr nach dem Abendessen in der alten S\u00e4ge. Zuvor wurde wieder das Abschlussfoto im Garten gemacht \u2013 danke an Basti, der wie im letzten Jahr nun wieder nicht auf dem Bild zu finden ist, sondern als Starfotograf agierte. Das diesj\u00e4hrige Programm war erneut gespickt mit Highlights \u2013 Marlene, Luis &amp; Emilia hatten auf den H\u00fctten des Skigebiets Skiwasser getestet und stellten ihre Ergebnisse vor, bevor die Kids zum Tanz antraten. Der j\u00fcngste T\u00e4nzer Luca ging mutig voran auf die Tanzfl\u00e4che und alle folgten ihm und ahmten ihm nach. Unter anderem bei Wackelkontakt wurde den Zuschauern richtig eingeheizt und die T\u00e4nzer ernteten zurecht tosenden Applaus!<br>Die 1. Ausgabe von \u201eWer wird Million\u00e4r\u201c bei der Skifreizeit folgte im Anschluss. Die Teilnehmer wurden durch die 1. Reihe ausgelost und traten zimmerweise an. Die ersten Fragen liefen noch ohne viel \u00fcberlegen und niemand schied aus. Doch ab der 500 Euro Frage trennte sich die Spreu vom Weizen und am Ende konnte ein Gewinnerzimmer ermittelt werden, welches Preise vom Skiteam erhielt.<br>Dann wurde der Vorstand des Skiteams getestet \u2013 Diana und Susan hatten dazu ein Spiel vorbereitet. Dem Publikum wurde etwas gezeigt und im Anschluss sollten alle die, auf die diese Eigenschaft zu trifft, aufstehen. Der Vorstand hatte die Aufgabe zu erraten, was alle wohl gemeinsam h\u00e4tten. Am schnellsten wurde erraten, wer alles in Bellersheim in der Danziger Str. wohnt oder \u201ealle Polizisten\u201c und \u201eKinder\u201c. Die schwierigste Aufgabe war zweifelsohne \u201ealle die mit dem Auto angereist sind\u201c \u2013 auch die Umkehr auf \u201ealle Busfahrer\u201c brachte erst im zweiten Anlauf und mit etwas Hilfe das richtige Ergebnis.<br>Dieser wieder \u00e4u\u00dferst gelungene Abschlussabend endete mit dem finalen Video f\u00fcr Matthias \u2013 so viele von euch hatten sich unglaublich kreativ beteiligt und so wurde herzlich gelacht \u00fcber die Neuauflage des Bergdoktors in der Staffel 19 aus dem Ahrntal oder die Spezialversion von Mahna Mahna im Skiteamstyle. Einfach jeder dieser Beitr\u00e4ge war mit Herz und so viel Einfallsreichtum gespickt, dass der Film zu einer tollen Gemeinschaftsleistung wurde \u2013 und genau das ist es, was die Familienfreizeit so auszeichnet!<\/p>\n\n\n\n<p>Und so haben wir alle gemeinsam einen tollen letzten Skitag erlebt mit nochmal viel Sonne und ab Mittag auch sehr warmen Temperaturen. Die Sommerrodelbahn wurde durch die Ticketeinl\u00f6sungen zum Gl\u00fchen gebracht und die H\u00fctten waren gut besucht bin ins Tal. Dort fand dann auch die Ehrung f\u00fcr die Sieger der Skirennen statt. Das Skiteam war wieder erstklassig vertreten! Den letzten Bus nahmen an diesem Tag viele, jeder wollte den Schnee und die Atmosph\u00e4re aufsaugen und auf die lange Durststrecke bis ins n\u00e4chste Jahr mitnehmen. Die Piste wurde vorher noch zur Rodelbahn umfunktioniert und nicht nur die Kinder stapften daf\u00fcr die steile Abfahrt weit nach oben. Dann hie\u00df es Packen \u2013 Ski in den H\u00e4nger oder in die PKWs, Koffer\u2026 und auf zum letzten Abendessen und ab in die Bar f\u00fcr den ein oder anderen Abschiedsplausch mit Getr\u00e4nk. Einige traten auch direkt nach dem Essen die Heimreise an.<\/p>\n\n\n\n<p>Der Bus startete p\u00fcnktlich am Samstagmorgen nach einem zeitigen Fr\u00fchst\u00fcck, wenige PKW-Reisende wollten noch einmal gem\u00fctlich fr\u00fchst\u00fccken. Daraus wurde aber leider nichts, denn die n\u00e4chste Reisegruppe stand schon mit dem Bus auf dem Parkplatz und dr\u00e4ngte ebenfalls zum Fr\u00fchst\u00fcck. Nahezu staufrei verlief die Fahrt nach Mittelhessen und so fand die Reise in Trais-Horloff gg. 17:30 Uhr ihren Abschluss. BIS N\u00c4CHSTES JAHR!<\/p>\n\n\n\nngg_shortcode_0_placeholder\n","protected":false},"excerpt":{"rendered":"<p>Schnee in den Bergen, Sonne im Tal\u2026\u2026besser kann man die Familienfreizeit 2025 im Ahrntal nicht zusammenfassen, als mit der allseits bekannten Hymne. T\u00e4glich wartete Kaiserwetter \u2013 kaum Wolken verirrten sich \u00fcber den Berge. Die Talabfahrt sah so gut aus, wie schon lang nicht mehr am Anreisetag! Das unfreiwillige Motto dieser Fahrt \u2013 ES IST ALLES [&hellip;]<\/p>\n","protected":false},"author":1,"featured_media":2993,"parent":6,"menu_order":15,"comment_status":"closed","ping_status":"closed","template":"","meta":{"ngg_post_thumbnail":0,"footnotes":""},"class_list":["post-2972","page","type-page","status-publish","has-post-thumbnail","hentry"],"_links":{"self":[{"href":"https:\/\/www.skiteam-bellersheim.de\/index.php?rest_route=\/wp\/v2\/pages\/2972","targetHints":{"allow":["GET"]}}],"collection":[{"href":"https:\/\/www.skiteam-bellersheim.de\/index.php?rest_route=\/wp\/v2\/pages"}],"about":[{"href":"https:\/\/www.skiteam-bellersheim.de\/index.php?rest_route=\/wp\/v2\/types\/page"}],"author":[{"embeddable":true,"href":"https:\/\/www.skiteam-bellersheim.de\/index.php?rest_route=\/wp\/v2\/users\/1"}],"replies":[{"embeddable":true,"href":"https:\/\/www.skiteam-bellersheim.de\/index.php?rest_route=%2Fwp%2Fv2%2Fcomments&post=2972"}],"version-history":[{"count":3,"href":"https:\/\/www.skiteam-bellersheim.de\/index.php?rest_route=\/wp\/v2\/pages\/2972\/revisions"}],"predecessor-version":[{"id":2989,"href":"https:\/\/www.skiteam-bellersheim.de\/index.php?rest_route=\/wp\/v2\/pages\/2972\/revisions\/2989"}],"up":[{"embeddable":true,"href":"https:\/\/www.skiteam-bellersheim.de\/index.php?rest_route=\/wp\/v2\/pages\/6"}],"wp:featuredmedia":[{"embeddable":true,"href":"https:\/\/www.skiteam-bellersheim.de\/index.php?rest_route=\/wp\/v2\/media\/2993"}],"wp:attachment":[{"href":"https:\/\/www.skiteam-bellersheim.de\/index.php?rest_route=%2Fwp%2Fv2%2Fmedia&parent=2972"}],"curies":[{"name":"wp","href":"https:\/\/api.w.org\/{rel}","templated":true}]}}