{"id":156,"date":"2011-12-06T22:48:39","date_gmt":"2011-12-06T21:48:39","guid":{"rendered":"http:\/\/www.skiteam-bellersheim.de\/?page_id=156"},"modified":"2026-01-19T20:26:10","modified_gmt":"2026-01-19T19:26:10","slug":"bisherige-fahrten","status":"publish","type":"page","link":"https:\/\/www.skiteam-bellersheim.de\/?page_id=156","title":{"rendered":"bisherige Fahrten Skiopening"},"content":{"rendered":"<p><strong>11.-15.12.2025: <\/strong>Saalbach-Hinterglemm<\/p>\n<p><strong>06.-10.12.2024: <\/strong>Kals<\/p>\n<p><strong>08.-12.12.2023: <\/strong>Kals<\/p>\n<p><strong>07.-11.12.2022:<\/strong> Kals<\/p>\n<p><strong>04.-08.12.2019: <\/strong>K\u00fchtai<\/p>\n<p><strong>05.-09.12.2018: <\/strong>K\u00fchtai<\/p>\n<p><strong>06.-10.12.2017: <\/strong>K\u00fchtai<\/p>\n<p><strong>09.-13.12.2016:<\/strong> Flachau<\/p>\n<p><strong><strong><strong>11.-15.12.2015: <\/strong><\/strong><\/strong>Flachau<\/p>\n<p><strong><strong><strong>04.-08.12.2014: <\/strong><\/strong><\/strong>Flachau \/ Kitzsteinhorn \/ Reiteralm<\/p>\n<p><strong><strong>05.-09.12.2013:<\/strong> <\/strong>St. Anton am Arlberg<\/p>\n<p><strong>29.11.-03.12.2012:<\/strong> St. Anton am Arlberg \/ Ischgl<\/p>\n<p><strong>07.-11.12.2011:<\/strong> St. Anton am Arlberg<\/p>\n<p><strong>01.-05.12.2010:<\/strong> Obertauern<\/p>\n<p><strong>03.-07.12.2009:<\/strong> Serfaus<\/p>\n<p><strong>10.-14.12.2008:<\/strong> S\u00f6lden<\/p>\n<p><strong>12.-16.12.2007:<\/strong> Flachau<\/p>\n<p><strong>06.-10.12.2006:<\/strong> Flachau<\/p>\n<p><strong>08.-12.12.2005:<\/strong> Engelberg<\/p>\n<p><strong>03.-06.12.2004:<\/strong> Serfaus<\/p>\n<p><strong>04.-08.12.2003:<\/strong> Serfaus<\/p>\n<p><strong>06.-10.12.2002:<\/strong> Serfaus<\/p>\n<p><strong>06.-09.12.2001:<\/strong> Saalbach-Hinterglemm<\/p>\n<p><strong>30.11.-03.12.2000:<\/strong> Schladming-Rohrmoos<\/p>\n<p><strong>09.-12.12.1999:<\/strong> Schladming-Rohrmoos<\/p>\n<p><strong>10.-13.12.1998:<\/strong> Schladming-Rohrmoos<\/p>\n<p>&nbsp;<\/p>\n","protected":false},"excerpt":{"rendered":"<p>11.-15.12.2025: Saalbach-Hinterglemm 06.-10.12.2024: Kals 08.-12.12.2023: Kals 07.-11.12.2022: Kals 04.-08.12.2019: K\u00fchtai 05.-09.12.2018: K\u00fchtai 06.-10.12.2017: K\u00fchtai 09.-13.12.2016: Flachau 11.-15.12.2015: Flachau 04.-08.12.2014: Flachau \/ Kitzsteinhorn \/ Reiteralm 05.-09.12.2013: St. Anton am Arlberg 29.11.-03.12.2012: St. Anton am Arlberg \/ Ischgl 07.-11.12.2011: St. Anton am Arlberg 01.-05.12.2010: Obertauern 03.-07.12.2009: Serfaus 10.-14.12.2008: S\u00f6lden 12.-16.12.2007: Flachau 06.-10.12.2006: Flachau 08.-12.12.2005: Engelberg 03.-06.12.2004: Serfaus [&hellip;]<\/p>\n","protected":false},"author":1,"featured_media":0,"parent":2,"menu_order":1,"comment_status":"closed","ping_status":"closed","template":"","meta":{"ngg_post_thumbnail":0,"footnotes":""},"class_list":["post-156","page","type-page","status-publish","hentry"],"_links":{"self":[{"href":"https:\/\/www.skiteam-bellersheim.de\/index.php?rest_route=\/wp\/v2\/pages\/156","targetHints":{"allow":["GET"]}}],"collection":[{"href":"https:\/\/www.skiteam-bellersheim.de\/index.php?rest_route=\/wp\/v2\/pages"}],"about":[{"href":"https:\/\/www.skiteam-bellersheim.de\/index.php?rest_route=\/wp\/v2\/types\/page"}],"author":[{"embeddable":true,"href":"https:\/\/www.skiteam-bellersheim.de\/index.php?rest_route=\/wp\/v2\/users\/1"}],"replies":[{"embeddable":true,"href":"https:\/\/www.skiteam-bellersheim.de\/index.php?rest_route=%2Fwp%2Fv2%2Fcomments&post=156"}],"version-history":[{"count":21,"href":"https:\/\/www.skiteam-bellersheim.de\/index.php?rest_route=\/wp\/v2\/pages\/156\/revisions"}],"predecessor-version":[{"id":3016,"href":"https:\/\/www.skiteam-bellersheim.de\/index.php?rest_route=\/wp\/v2\/pages\/156\/revisions\/3016"}],"up":[{"embeddable":true,"href":"https:\/\/www.skiteam-bellersheim.de\/index.php?rest_route=\/wp\/v2\/pages\/2"}],"wp:attachment":[{"href":"https:\/\/www.skiteam-bellersheim.de\/index.php?rest_route=%2Fwp%2Fv2%2Fmedia&parent=156"}],"curies":[{"name":"wp","href":"https:\/\/api.w.org\/{rel}","templated":true}]}}